{"id":7,"date":"2025-12-18T15:43:03","date_gmt":"2025-12-18T15:43:03","guid":{"rendered":"https:\/\/visualfrontierxpq.store\/?page_id=7"},"modified":"2025-12-18T15:43:03","modified_gmt":"2025-12-18T15:43:03","slug":"contatti","status":"publish","type":"page","link":"https:\/\/visualfrontierxpq.store\/?page_id=7","title":{"rendered":"Contatti &#8211; Stile Italiano per Uomini 55+"},"content":{"rendered":"<p>Hai domande, suggerimenti o desideri collaborare con noi? Siamo qui per aiutarti! Stile Italiano per Uomini 55+ \u00e8 dedicato a fornire le migliori informazioni di moda e stile per uomini sopra i 55 anni. La nostra missione \u00e8 quella di ispirarti a sentirti sicuro e alla moda in ogni fase della tua vita.<\/p>\n<p>Se sei un lettore e vuoi condividere le tue esperienze o i tuoi suggerimenti su come migliorare il nostro sito, non esitare a contattarci. Apprezziamo ogni feedback, poich\u00e9 ci aiuta a creare contenuti sempre pi\u00f9 utili e pertinenti per la nostra comunit\u00e0.<\/p>\n<p>Per collaborazioni con marchi, stilisti o esperti di moda, siamo aperti a nuove opportunit\u00e0. Se sei interessato a lavorare con noi, ti invitiamo a inviare una proposta dettagliata. Siamo entusiasti di esplorare come possiamo unire le forze per offrire il meglio ai nostri lettori.<\/p>\n<p>Per contattarci, puoi utilizzare il modulo di contatto qui sotto oppure inviarci un&#8217;e-mail all&#8217;indirizzo indicato. Faremo del nostro meglio per risponderti entro 48 ore.<\/p>\n<p><img style=\"width: 100%\" alt='contact form' src='\/wp-content\/uploads\/2025\/12\/temp_body_1766072511590528978_0.jpg'><\/p>\n<p>Ci teniamo a sottolineare che la tua privacy \u00e8 importante per noi. Non condivideremo mai le tue informazioni personali con terze parti senza il tuo consenso. Puoi contattarci per qualsiasi domanda riguardante la nostra politica sulla privacy.<\/p>\n<p>Grazie per il tuo interesse in Stile Italiano per Uomini 55+. Siamo ansiosi di sentirti e di lavorare insieme per creare un ambiente di stile e eleganza per tutti gli uomini che desiderano sentirsi al meglio!<\/p>\n","protected":false},"excerpt":{"rendered":"<p>Hai domande, suggerimenti o desideri collaborare con noi? Siamo qui per aiutarti! Stile Italiano per Uomini 55+ \u00e8 dedicato a fornire le migliori informazioni di moda e stile per uomini sopra i 55 anni. La nostra missione \u00e8 quella di ispirarti a sentirti sicuro e alla moda in ogni fase della tua vita. Se sei un lettore e vuoi condividere [&hellip;]<\/p>\n","protected":false},"author":0,"featured_media":8,"parent":0,"menu_order":0,"comment_status":"closed","ping_status":"closed","template":"","meta":{"footnotes":""},"class_list":["post-7","page","type-page","status-publish","has-post-thumbnail","hentry"],"_links":{"self":[{"href":"https:\/\/visualfrontierxpq.store\/index.php?rest_route=\/wp\/v2\/pages\/7","targetHints":{"allow":["GET"]}}],"collection":[{"href":"https:\/\/visualfrontierxpq.store\/index.php?rest_route=\/wp\/v2\/pages"}],"about":[{"href":"https:\/\/visualfrontierxpq.store\/index.php?rest_route=\/wp\/v2\/types\/page"}],"replies":[{"embeddable":true,"href":"https:\/\/visualfrontierxpq.store\/index.php?rest_route=%2Fwp%2Fv2%2Fcomments&post=7"}],"version-history":[{"count":0,"href":"https:\/\/visualfrontierxpq.store\/index.php?rest_route=\/wp\/v2\/pages\/7\/revisions"}],"wp:featuredmedia":[{"embeddable":true,"href":"https:\/\/visualfrontierxpq.store\/index.php?rest_route=\/wp\/v2\/media\/8"}],"wp:attachment":[{"href":"https:\/\/visualfrontierxpq.store\/index.php?rest_route=%2Fwp%2Fv2%2Fmedia&parent=7"}],"curies":[{"name":"wp","href":"https:\/\/api.w.org\/{rel}","templated":true}]}}